{"id":2,"date":"2025-11-14T05:06:05","date_gmt":"2025-11-14T05:06:05","guid":{"rendered":"https:\/\/lasamaritana21com.cdn-pi.com\/?page_id=2"},"modified":"2025-11-14T05:42:16","modified_gmt":"2025-11-14T05:42:16","slug":"sample-page","status":"publish","type":"page","link":"https:\/\/www.lasamaritana21.com\/","title":{"rendered":"Sample Page"},"content":{"rendered":"\t\t<div data-elementor-type=\"wp-page\" data-elementor-id=\"2\" class=\"elementor elementor-2\" data-elementor-post-type=\"page\">\n\t\t\t\t<div class=\"elementor-element elementor-element-9a67ba9 e-con-full elementor-hidden-tablet elementor-hidden-mobile e-flex e-con e-parent\" data-id=\"9a67ba9\" data-element_type=\"container\" data-e-type=\"container\" data-settings=\"{&quot;background_background&quot;:&quot;classic&quot;}\">\n\t\t\t\t<\/div>\n\t\t<div class=\"elementor-element elementor-element-3ebf15a elementor-hidden-desktop e-flex e-con-boxed e-con e-parent\" data-id=\"3ebf15a\" data-element_type=\"container\" data-e-type=\"container\" data-settings=\"{&quot;background_background&quot;:&quot;classic&quot;}\">\n\t\t\t\t\t<div class=\"e-con-inner\">\n\t\t<div class=\"elementor-element elementor-element-40e4012 e-con-full e-flex e-con e-child\" data-id=\"40e4012\" data-element_type=\"container\" data-e-type=\"container\">\n\t\t\t\t<div class=\"elementor-element elementor-element-0271957 elementor-widget elementor-widget-heading\" data-id=\"0271957\" data-element_type=\"widget\" data-e-type=\"widget\" data-widget_type=\"heading.default\">\n\t\t\t\t\t<h2 class=\"elementor-heading-title elementor-size-default\">Carmen Milagros<\/h2>\t\t\t\t<\/div>\n\t\t\t\t<\/div>\n\t\t<div class=\"elementor-element elementor-element-76e7253 e-con-full e-flex e-con e-child\" data-id=\"76e7253\" data-element_type=\"container\" data-e-type=\"container\">\n\t\t\t\t<div class=\"elementor-element elementor-element-ccd7733 elementor-widget elementor-widget-text-editor\" data-id=\"ccd7733\" data-element_type=\"widget\" data-e-type=\"widget\" data-settings=\"{&quot;_animation_mobile&quot;:&quot;fadeInUp&quot;}\" data-widget_type=\"text-editor.default\">\n\t\t\t\t\t\t\t\t\tCon mucha fe y confiando plenamente en Dios, muy pronto estar\u00e9 compartiendo con ustedes mi nuevo libro. Ha sido un viaje de obediencia, sanidad y prop\u00f3sito\u2026 y s\u00e9 que lo que viene ser\u00e1 de bendici\u00f3n.\u201d\t\t\t\t\t\t\t\t<\/div>\n\t\t\t\t<div class=\"elementor-element elementor-element-41cc1e4 elementor-widget elementor-widget-image\" data-id=\"41cc1e4\" data-element_type=\"widget\" data-e-type=\"widget\" data-widget_type=\"image.default\">\n\t\t\t\t\t\t\t\t\t\t\t\t\t\t\t<img fetchpriority=\"high\" decoding=\"async\" width=\"1707\" height=\"2560\" src=\"https:\/\/www.lasamaritana21.com\/wp-content\/uploads\/2025\/11\/portada-scaled.jpg\" class=\"attachment-full size-full wp-image-10\" alt=\"\" srcset=\"https:\/\/www.lasamaritana21.com\/wp-content\/uploads\/2025\/11\/portada-scaled.jpg 1707w, https:\/\/www.lasamaritana21.com\/wp-content\/uploads\/2025\/11\/portada-200x300.jpg 200w, https:\/\/www.lasamaritana21.com\/wp-content\/uploads\/2025\/11\/portada-683x1024.jpg 683w, https:\/\/www.lasamaritana21.com\/wp-content\/uploads\/2025\/11\/portada-768x1152.jpg 768w, https:\/\/www.lasamaritana21.com\/wp-content\/uploads\/2025\/11\/portada-1024x1536.jpg 1024w, https:\/\/www.lasamaritana21.com\/wp-content\/uploads\/2025\/11\/portada-1365x2048.jpg 1365w\" sizes=\"(max-width: 1707px) 100vw, 1707px\" \/>\t\t\t\t\t\t\t\t\t\t\t\t\t\t\t<\/div>\n\t\t\t\t<\/div>\n\t\t\t\t\t<\/div>\n\t\t\t\t<\/div>\n\t\t<div class=\"elementor-element elementor-element-0e8f947 elementor-hidden-desktop e-flex e-con-boxed e-con e-parent\" data-id=\"0e8f947\" data-element_type=\"container\" data-e-type=\"container\">\n\t\t\t\t\t<div class=\"e-con-inner\">\n\t\t\t\t<div class=\"elementor-element elementor-element-3c2a585 elementor-widget elementor-widget-image\" data-id=\"3c2a585\" data-element_type=\"widget\" data-e-type=\"widget\" data-widget_type=\"image.default\">\n\t\t\t\t\t\t\t\t\t\t\t\t\t\t\t<img decoding=\"async\" width=\"800\" height=\"534\" src=\"https:\/\/www.lasamaritana21.com\/wp-content\/uploads\/2025\/11\/Carmen-1024x683.jpg\" class=\"attachment-large size-large wp-image-21\" alt=\"\" srcset=\"https:\/\/www.lasamaritana21.com\/wp-content\/uploads\/2025\/11\/Carmen-1024x683.jpg 1024w, https:\/\/www.lasamaritana21.com\/wp-content\/uploads\/2025\/11\/Carmen-300x200.jpg 300w, https:\/\/www.lasamaritana21.com\/wp-content\/uploads\/2025\/11\/Carmen-768x512.jpg 768w, https:\/\/www.lasamaritana21.com\/wp-content\/uploads\/2025\/11\/Carmen-1536x1024.jpg 1536w, https:\/\/www.lasamaritana21.com\/wp-content\/uploads\/2025\/11\/Carmen-2048x1365.jpg 2048w\" sizes=\"(max-width: 800px) 100vw, 800px\" \/>\t\t\t\t\t\t\t\t\t\t\t\t\t\t\t<\/div>\n\t\t\t\t\t<\/div>\n\t\t\t\t<\/div>\n\t\t<div class=\"elementor-element elementor-element-3a5eb28 elementor-hidden-desktop e-flex e-con-boxed e-con e-parent\" data-id=\"3a5eb28\" data-element_type=\"container\" data-e-type=\"container\">\n\t\t\t\t\t<div class=\"e-con-inner\">\n\t\t\t\t<div class=\"elementor-element elementor-element-6a449c1 elementor-widget elementor-widget-heading\" data-id=\"6a449c1\" data-element_type=\"widget\" data-e-type=\"widget\" data-widget_type=\"heading.default\">\n\t\t\t\t\t<h2 class=\"elementor-heading-title elementor-size-default\">DESIGNED BY MEMBOG<\/h2>\t\t\t\t<\/div>\n\t\t\t\t\t<\/div>\n\t\t\t\t<\/div>\n\t\t\t\t<\/div>\n\t\t","protected":false},"excerpt":{"rendered":"<p>Carmen Milagros Con mucha fe y confiando plenamente en Dios, muy pronto estar\u00e9 compartiendo con ustedes mi nuevo libro. Ha sido un viaje de obediencia, sanidad y prop\u00f3sito\u2026 y s\u00e9 que lo que viene ser\u00e1 de bendici\u00f3n.\u201d DESIGNED BY MEMBOG<\/p>\n","protected":false},"author":1,"featured_media":0,"parent":0,"menu_order":0,"comment_status":"closed","ping_status":"open","template":"elementor_canvas","meta":{"footnotes":""},"class_list":["post-2","page","type-page","status-publish","hentry"],"_links":{"self":[{"href":"https:\/\/www.lasamaritana21.com\/index.php?rest_route=\/wp\/v2\/pages\/2","targetHints":{"allow":["GET"]}}],"collection":[{"href":"https:\/\/www.lasamaritana21.com\/index.php?rest_route=\/wp\/v2\/pages"}],"about":[{"href":"https:\/\/www.lasamaritana21.com\/index.php?rest_route=\/wp\/v2\/types\/page"}],"author":[{"embeddable":true,"href":"https:\/\/www.lasamaritana21.com\/index.php?rest_route=\/wp\/v2\/users\/1"}],"replies":[{"embeddable":true,"href":"https:\/\/www.lasamaritana21.com\/index.php?rest_route=%2Fwp%2Fv2%2Fcomments&post=2"}],"version-history":[{"count":19,"href":"https:\/\/www.lasamaritana21.com\/index.php?rest_route=\/wp\/v2\/pages\/2\/revisions"}],"predecessor-version":[{"id":37,"href":"https:\/\/www.lasamaritana21.com\/index.php?rest_route=\/wp\/v2\/pages\/2\/revisions\/37"}],"wp:attachment":[{"href":"https:\/\/www.lasamaritana21.com\/index.php?rest_route=%2Fwp%2Fv2%2Fmedia&parent=2"}],"curies":[{"name":"wp","href":"https:\/\/api.w.org\/{rel}","templated":true}]}}